{"id":53,"date":"2022-02-06T09:58:39","date_gmt":"2022-02-06T09:58:39","guid":{"rendered":"https:\/\/xstore.8theme.com\/elementor\/demos\/minimal-electronics\/?page_id=53"},"modified":"2022-12-09T20:11:05","modified_gmt":"2022-12-09T18:11:05","slug":"about-us","status":"publish","type":"page","link":"https:\/\/demo.versify.digital\/index.php\/about-us\/","title":{"rendered":"About us"},"content":{"rendered":"\t\t<div data-elementor-type=\"wp-page\" data-elementor-id=\"53\" class=\"elementor elementor-53\">\n\t\t\t\t\t\t\t\t\t<section class=\"elementor-section elementor-top-section elementor-element elementor-element-d78071b animated-fast elementor-section-boxed elementor-section-height-default elementor-section-height-default elementor-invisible\" data-id=\"d78071b\" data-element_type=\"section\" data-settings=\"{&quot;animation&quot;:&quot;fadeInUp&quot;}\">\n\t\t\t\t\t\t<div class=\"elementor-container elementor-column-gap-no\">\n\t\t\t\t\t<div class=\"elementor-column elementor-col-100 elementor-top-column elementor-element elementor-element-2ac7177\" data-id=\"2ac7177\" data-element_type=\"column\">\n\t\t\t<div class=\"elementor-widget-wrap elementor-element-populated\">\n\t\t\t\t\t\t\t\t<div class=\"elementor-element elementor-element-eb49b9e elementor-align-center elementor-widget elementor-widget-etheme_advanced_headline\" data-id=\"eb49b9e\" data-element_type=\"widget\" data-widget_type=\"etheme_advanced_headline.default\">\n\t\t\t\t<div class=\"elementor-widget-container\">\n\t\t\t        \r\n        <div class=\"etheme-a-h-wrapper\">\r\n        \r\n            \r\n        <h2 class=\"etheme-advanced-headline etheme-advanced-headline-mask\">\r\n\r\n            Apie Jus\r\n        <\/h2>\r\n\t\t\r\n                            <p class=\"etheme-a-h-text-after\">\r\n                    Klientams da\u017enai svarbu \u017einoti i\u0161 kur perka prekes. Tad papasakokite apie save.                <\/p>\r\n                    \r\n        <\/div>\r\n        \r\n\t\t\t\t<\/div>\n\t\t\t\t<\/div>\n\t\t\t\t<div class=\"elementor-element elementor-element-5ffde3e elementor-widget elementor-widget-image\" data-id=\"5ffde3e\" data-element_type=\"widget\" data-widget_type=\"image.default\">\n\t\t\t\t<div class=\"elementor-widget-container\">\n\t\t\t<style>\/*! elementor - v3.9.0 - 06-12-2022 *\/\n.elementor-widget-image{text-align:center}.elementor-widget-image a{display:inline-block}.elementor-widget-image a img[src$=\".svg\"]{width:48px}.elementor-widget-image img{vertical-align:middle;display:inline-block}<\/style>\t\t\t\t\t\t\t\t\t\t\t\t<img decoding=\"async\" width=\"1600\" height=\"500\" src=\"https:\/\/demo.versify.digital\/wp-content\/uploads\/2022\/02\/Image-1.jpeg\" class=\"elementor-animation-bob attachment-full size-full wp-image-472\" alt=\"\" loading=\"lazy\" srcset=\"https:\/\/demo.versify.digital\/wp-content\/uploads\/2022\/02\/Image-1.jpeg 1600w, https:\/\/demo.versify.digital\/wp-content\/uploads\/2022\/02\/Image-1-600x188.jpeg 600w\" sizes=\"(max-width: 1600px) 100vw, 1600px\" \/>\t\t\t\t\t\t\t\t\t\t\t\t\t\t\t<\/div>\n\t\t\t\t<\/div>\n\t\t\t\t\t<\/div>\n\t\t<\/div>\n\t\t\t\t\t\t\t<\/div>\n\t\t<\/section>\n\t\t\t\t<section class=\"elementor-section elementor-top-section elementor-element elementor-element-acd1460 elementor-section-content-middle elementor-section-boxed elementor-section-height-default elementor-section-height-default\" data-id=\"acd1460\" data-element_type=\"section\">\n\t\t\t\t\t\t<div class=\"elementor-container elementor-column-gap-no\">\n\t\t\t\t\t<div class=\"elementor-column elementor-col-50 elementor-top-column elementor-element elementor-element-3a87cf4 animated-fast elementor-invisible\" data-id=\"3a87cf4\" data-element_type=\"column\" data-settings=\"{&quot;animation&quot;:&quot;fadeInLeft&quot;}\">\n\t\t\t<div class=\"elementor-widget-wrap elementor-element-populated\">\n\t\t\t\t\t\t\t\t<div class=\"elementor-element elementor-element-10275bd5 elementor-align-left elementor-widget elementor-widget-etheme_advanced_headline\" data-id=\"10275bd5\" data-element_type=\"widget\" data-widget_type=\"etheme_advanced_headline.default\">\n\t\t\t\t<div class=\"elementor-widget-container\">\n\t\t\t        \r\n        <div class=\"etheme-a-h-wrapper\">\r\n        \r\n                            <span class=\"etheme-a-h-text-before\">\r\n                    Veikia nuo 1998 m.                <\/span>\r\n            \r\n        <div class=\"etheme-advanced-headline\">\r\n\r\n            Daugiau nei <span class=\"etheme-a-h-text\">20 met\u0173 patirties<\/span>\r\n                \r\n        <\/div>\r\n\t\t\r\n                            <p class=\"etheme-a-h-text-after\">\r\n                    \u010cia tur\u0117t\u0173 b\u016bti gra\u017eus apra\u0161ymas apie Jus.                 <\/p>\r\n                    \r\n        <\/div>\r\n        \r\n\t\t\t\t<\/div>\n\t\t\t\t<\/div>\n\t\t\t\t\t<\/div>\n\t\t<\/div>\n\t\t\t\t<div class=\"elementor-column elementor-col-50 elementor-top-column elementor-element elementor-element-81da082\" data-id=\"81da082\" data-element_type=\"column\">\n\t\t\t<div class=\"elementor-widget-wrap elementor-element-populated\">\n\t\t\t\t\t\t\t\t<div class=\"elementor-element elementor-element-973cb31 elementor-widget elementor-widget-etheme_gallery\" data-id=\"973cb31\" data-element_type=\"widget\" data-settings=\"{&quot;type&quot;:&quot;grid&quot;,&quot;columns&quot;:{&quot;unit&quot;:&quot;px&quot;,&quot;size&quot;:3,&quot;sizes&quot;:[]},&quot;columns_tablet&quot;:{&quot;unit&quot;:&quot;px&quot;,&quot;size&quot;:3,&quot;sizes&quot;:[]},&quot;columns_mobile&quot;:{&quot;unit&quot;:&quot;px&quot;,&quot;size&quot;:2,&quot;sizes&quot;:[]},&quot;columns_gap&quot;:{&quot;unit&quot;:&quot;px&quot;,&quot;size&quot;:10,&quot;sizes&quot;:[]},&quot;columns_gap_tablet&quot;:{&quot;unit&quot;:&quot;px&quot;,&quot;size&quot;:&quot;&quot;,&quot;sizes&quot;:[]},&quot;columns_gap_mobile&quot;:{&quot;unit&quot;:&quot;px&quot;,&quot;size&quot;:&quot;&quot;,&quot;sizes&quot;:[]},&quot;rows_gap&quot;:{&quot;unit&quot;:&quot;px&quot;,&quot;size&quot;:10,&quot;sizes&quot;:[]},&quot;rows_gap_tablet&quot;:{&quot;unit&quot;:&quot;px&quot;,&quot;size&quot;:&quot;&quot;,&quot;sizes&quot;:[]},&quot;rows_gap_mobile&quot;:{&quot;unit&quot;:&quot;px&quot;,&quot;size&quot;:&quot;&quot;,&quot;sizes&quot;:[]}}\" data-widget_type=\"etheme_gallery.default\">\n\t\t\t\t<div class=\"elementor-widget-container\">\n\t\t\t        \r\n        <div class=\"etheme-gallery-wrapper\">\r\n            \t            \r\n\t            <div class=\"e-gallery etheme-gallery active\" id=\"etheme-gallery-3321\" data-item-settings=\"{&quot;type&quot;:&quot;grid&quot;}\" data-uniq-id=\"3321\">\r\n                                <div class=\"e-gallery-item etheme-gallery-item\">\r\n                <div class=\"etheme-gallery-item-overlay\">\r\n                    <a data-elementor-open-lightbox=\"no\" class=\"e-gallery-image etheme-gallery-image elementor-gallery-item__image\" data-thumbnail=\"https:\/\/demo.versify.digital\/wp-content\/uploads\/2022\/02\/brand-01.jpeg\" data-width=\"270\" data-height=\"149\" alt=\"\" style=\"background-image: url(&#039;https:\/\/demo.versify.digital\/wp-content\/uploads\/2022\/02\/brand-01.jpeg&#039;)\" href=\"https:\/\/demo.versify.digital\/wp-content\/uploads\/2022\/02\/brand-01.jpeg\"><\/a>\r\n\t                <span class=\"etheme-gallery-item-details etheme-gallery-item-details-inside\"><\/span>                <\/div>\r\n\t            \t                        <\/div>\r\n\t                <div class=\"e-gallery-item etheme-gallery-item\">\r\n                <div class=\"etheme-gallery-item-overlay\">\r\n                    <a data-elementor-open-lightbox=\"no\" class=\"e-gallery-image etheme-gallery-image elementor-gallery-item__image\" data-thumbnail=\"https:\/\/demo.versify.digital\/wp-content\/uploads\/2022\/02\/brand-02.jpeg\" data-width=\"270\" data-height=\"149\" alt=\"\" style=\"background-image: url(&#039;https:\/\/demo.versify.digital\/wp-content\/uploads\/2022\/02\/brand-02.jpeg&#039;)\" href=\"https:\/\/demo.versify.digital\/wp-content\/uploads\/2022\/02\/brand-02.jpeg\"><\/a>\r\n\t                <span class=\"etheme-gallery-item-details etheme-gallery-item-details-inside\"><\/span>                <\/div>\r\n\t            \t                        <\/div>\r\n\t                <div class=\"e-gallery-item etheme-gallery-item\">\r\n                <div class=\"etheme-gallery-item-overlay\">\r\n                    <a data-elementor-open-lightbox=\"no\" class=\"e-gallery-image etheme-gallery-image elementor-gallery-item__image\" data-thumbnail=\"https:\/\/demo.versify.digital\/wp-content\/uploads\/2022\/02\/brand-03.jpeg\" data-width=\"265\" data-height=\"147\" alt=\"\" style=\"background-image: url(&#039;https:\/\/demo.versify.digital\/wp-content\/uploads\/2022\/02\/brand-03.jpeg&#039;)\" href=\"https:\/\/demo.versify.digital\/wp-content\/uploads\/2022\/02\/brand-03.jpeg\"><\/a>\r\n\t                <span class=\"etheme-gallery-item-details etheme-gallery-item-details-inside\"><\/span>                <\/div>\r\n\t            \t                        <\/div>\r\n\t                <div class=\"e-gallery-item etheme-gallery-item\">\r\n                <div class=\"etheme-gallery-item-overlay\">\r\n                    <a data-elementor-open-lightbox=\"no\" class=\"e-gallery-image etheme-gallery-image elementor-gallery-item__image\" data-thumbnail=\"https:\/\/demo.versify.digital\/wp-content\/uploads\/2022\/02\/brand-04.jpeg\" data-width=\"265\" data-height=\"147\" alt=\"\" style=\"background-image: url(&#039;https:\/\/demo.versify.digital\/wp-content\/uploads\/2022\/02\/brand-04.jpeg&#039;)\" href=\"https:\/\/demo.versify.digital\/wp-content\/uploads\/2022\/02\/brand-04.jpeg\"><\/a>\r\n\t                <span class=\"etheme-gallery-item-details etheme-gallery-item-details-inside\"><\/span>                <\/div>\r\n\t            \t                        <\/div>\r\n\t                <div class=\"e-gallery-item etheme-gallery-item\">\r\n                <div class=\"etheme-gallery-item-overlay\">\r\n                    <a data-elementor-open-lightbox=\"no\" class=\"e-gallery-image etheme-gallery-image elementor-gallery-item__image\" data-thumbnail=\"https:\/\/demo.versify.digital\/wp-content\/uploads\/2022\/02\/brand-05.jpeg\" data-width=\"280\" data-height=\"155\" alt=\"\" style=\"background-image: url(&#039;https:\/\/demo.versify.digital\/wp-content\/uploads\/2022\/02\/brand-05.jpeg&#039;)\" href=\"https:\/\/demo.versify.digital\/wp-content\/uploads\/2022\/02\/brand-05.jpeg\"><\/a>\r\n\t                <span class=\"etheme-gallery-item-details etheme-gallery-item-details-inside\"><\/span>                <\/div>\r\n\t            \t                        <\/div>\r\n\t                <div class=\"e-gallery-item etheme-gallery-item\">\r\n                <div class=\"etheme-gallery-item-overlay\">\r\n                    <a data-elementor-open-lightbox=\"no\" class=\"e-gallery-image etheme-gallery-image elementor-gallery-item__image\" data-thumbnail=\"https:\/\/demo.versify.digital\/wp-content\/uploads\/2022\/02\/brand-06.jpeg\" data-width=\"270\" data-height=\"149\" alt=\"\" style=\"background-image: url(&#039;https:\/\/demo.versify.digital\/wp-content\/uploads\/2022\/02\/brand-06.jpeg&#039;)\" href=\"https:\/\/demo.versify.digital\/wp-content\/uploads\/2022\/02\/brand-06.jpeg\"><\/a>\r\n\t                <span class=\"etheme-gallery-item-details etheme-gallery-item-details-inside\"><\/span>                <\/div>\r\n\t            \t                        <\/div>\r\n\t                    <\/div>\r\n                    <\/div>\r\n        \r\n        \t\t<\/div>\n\t\t\t\t<\/div>\n\t\t\t\t\t<\/div>\n\t\t<\/div>\n\t\t\t\t\t\t\t<\/div>\n\t\t<\/section>\n\t\t\t\t<section class=\"elementor-section elementor-top-section elementor-element elementor-element-f8ebb67 elementor-section-content-middle elementor-section-boxed elementor-section-height-default elementor-section-height-default\" data-id=\"f8ebb67\" data-element_type=\"section\">\n\t\t\t\t\t\t<div class=\"elementor-container elementor-column-gap-no\">\n\t\t\t\t\t<div class=\"elementor-column elementor-col-50 elementor-top-column elementor-element elementor-element-8a26d6f elementor-invisible\" data-id=\"8a26d6f\" data-element_type=\"column\" data-settings=\"{&quot;animation&quot;:&quot;fadeIn&quot;}\">\n\t\t\t<div class=\"elementor-widget-wrap elementor-element-populated\">\n\t\t\t\t\t\t\t\t<div class=\"elementor-element elementor-element-8fae454 elementor-widget elementor-widget-image\" data-id=\"8fae454\" data-element_type=\"widget\" data-widget_type=\"image.default\">\n\t\t\t\t<div class=\"elementor-widget-container\">\n\t\t\t\t\t\t\t\t\t\t\t\t\t\t\t<img decoding=\"async\" width=\"649\" height=\"789\" src=\"https:\/\/demo.versify.digital\/wp-content\/uploads\/2022\/02\/Image23.jpeg\" class=\"attachment-full size-full wp-image-559\" alt=\"\" loading=\"lazy\" srcset=\"https:\/\/demo.versify.digital\/wp-content\/uploads\/2022\/02\/Image23.jpeg 649w, https:\/\/demo.versify.digital\/wp-content\/uploads\/2022\/02\/Image23-600x729.jpeg 600w\" sizes=\"(max-width: 649px) 100vw, 649px\" \/>\t\t\t\t\t\t\t\t\t\t\t\t\t\t\t<\/div>\n\t\t\t\t<\/div>\n\t\t\t\t\t<\/div>\n\t\t<\/div>\n\t\t\t\t<div class=\"elementor-column elementor-col-50 elementor-top-column elementor-element elementor-element-8e8c588 animated-fast elementor-invisible\" data-id=\"8e8c588\" data-element_type=\"column\" data-settings=\"{&quot;animation&quot;:&quot;fadeInRight&quot;}\">\n\t\t\t<div class=\"elementor-widget-wrap elementor-element-populated\">\n\t\t\t\t\t\t\t\t<div class=\"elementor-element elementor-element-6a4304e elementor-widget elementor-widget-text-editor\" data-id=\"6a4304e\" data-element_type=\"widget\" data-widget_type=\"text-editor.default\">\n\t\t\t\t<div class=\"elementor-widget-container\">\n\t\t\t<style>\/*! elementor - v3.9.0 - 06-12-2022 *\/\n.elementor-widget-text-editor.elementor-drop-cap-view-stacked .elementor-drop-cap{background-color:#818a91;color:#fff}.elementor-widget-text-editor.elementor-drop-cap-view-framed .elementor-drop-cap{color:#818a91;border:3px solid;background-color:transparent}.elementor-widget-text-editor:not(.elementor-drop-cap-view-default) .elementor-drop-cap{margin-top:8px}.elementor-widget-text-editor:not(.elementor-drop-cap-view-default) .elementor-drop-cap-letter{width:1em;height:1em}.elementor-widget-text-editor .elementor-drop-cap{float:left;text-align:center;line-height:1;font-size:50px}.elementor-widget-text-editor .elementor-drop-cap-letter{display:inline-block}<\/style>\t\t\t\t<p>Kuom mes skiriam\u0117s<\/p>\t\t\t\t\t\t<\/div>\n\t\t\t\t<\/div>\n\t\t\t\t<div class=\"elementor-element elementor-element-5161a14 elementor-widget elementor-widget-etheme_animated_headline\" data-id=\"5161a14\" data-element_type=\"widget\" data-settings=\"{&quot;shape&quot;:&quot;custom&quot;,&quot;text_style&quot;:&quot;highlight&quot;,&quot;loop&quot;:&quot;yes&quot;,&quot;duration&quot;:{&quot;unit&quot;:&quot;px&quot;,&quot;size&quot;:&quot;&quot;,&quot;sizes&quot;:[]}}\" data-widget_type=\"etheme_animated_headline.default\">\n\t\t\t\t<div class=\"elementor-widget-container\">\n\t\t\t        \r\n        <div class=\"etheme-headline-wrapper\">\r\n            <h2 class=\"etheme-headline\" data-style=\"highlight\">\r\n\t\t                                <span class=\"etheme-headline-text-before\">\r\n\t                        Skambi fraz\u0117                        <\/span>\r\n                                    <span class=\"etheme-headline-text-wrapper\">\r\n                \r\n\t\t        Apie J\u016bs\u0173                \r\n                <\/span>\r\n                                    <span class=\"etheme-headline-text-after\">\r\n                        versl\u0105                    <\/span>\r\n                            <\/h2>\r\n        <\/div>\r\n        \r\n\t\t\t\t<\/div>\n\t\t\t\t<\/div>\n\t\t\t\t<div class=\"elementor-element elementor-element-72b00b1 elementor-widget elementor-widget-text-editor\" data-id=\"72b00b1\" data-element_type=\"widget\" data-widget_type=\"text-editor.default\">\n\t\t\t\t<div class=\"elementor-widget-container\">\n\t\t\t\t\t\t\t<p>Na ir dar vienas trumpas apra\u0161ymas kuriame galite papasakoti daugiau apie save.\u00a0<\/p>\t\t\t\t\t\t<\/div>\n\t\t\t\t<\/div>\n\t\t\t\t<section class=\"elementor-section elementor-inner-section elementor-element elementor-element-7accff1 elementor-section-boxed elementor-section-height-default elementor-section-height-default\" data-id=\"7accff1\" data-element_type=\"section\">\n\t\t\t\t\t\t<div class=\"elementor-container elementor-column-gap-no\">\n\t\t\t\t\t<div class=\"elementor-column elementor-col-50 elementor-inner-column elementor-element elementor-element-d8f6022\" data-id=\"d8f6022\" data-element_type=\"column\">\n\t\t\t<div class=\"elementor-widget-wrap elementor-element-populated\">\n\t\t\t\t\t\t\t\t<div class=\"elementor-element elementor-element-50589eb elementor-widget elementor-widget-heading\" data-id=\"50589eb\" data-element_type=\"widget\" data-widget_type=\"heading.default\">\n\t\t\t\t<div class=\"elementor-widget-container\">\n\t\t\t<style>\/*! elementor - v3.9.0 - 06-12-2022 *\/\n.elementor-heading-title{padding:0;margin:0;line-height:1}.elementor-widget-heading .elementor-heading-title[class*=elementor-size-]>a{color:inherit;font-size:inherit;line-height:inherit}.elementor-widget-heading .elementor-heading-title.elementor-size-small{font-size:15px}.elementor-widget-heading .elementor-heading-title.elementor-size-medium{font-size:19px}.elementor-widget-heading .elementor-heading-title.elementor-size-large{font-size:29px}.elementor-widget-heading .elementor-heading-title.elementor-size-xl{font-size:39px}.elementor-widget-heading .elementor-heading-title.elementor-size-xxl{font-size:59px}<\/style><h2 class=\"elementor-heading-title elementor-size-default\">M\u016bs\u0173 misija<\/h2>\t\t<\/div>\n\t\t\t\t<\/div>\n\t\t\t\t<div class=\"elementor-element elementor-element-374ce0c elementor-widget elementor-widget-text-editor\" data-id=\"374ce0c\" data-element_type=\"widget\" data-widget_type=\"text-editor.default\">\n\t\t\t\t<div class=\"elementor-widget-container\">\n\t\t\t\t\t\t\t<p>Papasakokite apie savo tikslus<\/p>\t\t\t\t\t\t<\/div>\n\t\t\t\t<\/div>\n\t\t\t\t\t<\/div>\n\t\t<\/div>\n\t\t\t\t<div class=\"elementor-column elementor-col-50 elementor-inner-column elementor-element elementor-element-f7b1bea\" data-id=\"f7b1bea\" data-element_type=\"column\">\n\t\t\t<div class=\"elementor-widget-wrap elementor-element-populated\">\n\t\t\t\t\t\t\t\t<div class=\"elementor-element elementor-element-940732e elementor-widget elementor-widget-heading\" data-id=\"940732e\" data-element_type=\"widget\" data-widget_type=\"heading.default\">\n\t\t\t\t<div class=\"elementor-widget-container\">\n\t\t\t<h2 class=\"elementor-heading-title elementor-size-default\">M\u016bs\u0173 vizija<\/h2>\t\t<\/div>\n\t\t\t\t<\/div>\n\t\t\t\t<div class=\"elementor-element elementor-element-9931504 elementor-widget elementor-widget-text-editor\" data-id=\"9931504\" data-element_type=\"widget\" data-widget_type=\"text-editor.default\">\n\t\t\t\t<div class=\"elementor-widget-container\">\n\t\t\t\t\t\t\t<p>Na ir apie planus atei\u010diai.<\/p>\t\t\t\t\t\t<\/div>\n\t\t\t\t<\/div>\n\t\t\t\t\t<\/div>\n\t\t<\/div>\n\t\t\t\t\t\t\t<\/div>\n\t\t<\/section>\n\t\t\t\t\t<\/div>\n\t\t<\/div>\n\t\t\t\t\t\t\t<\/div>\n\t\t<\/section>\n\t\t\t\t<section class=\"elementor-section elementor-top-section elementor-element elementor-element-ac1c5d6 animated-fast elementor-section-boxed elementor-section-height-default elementor-section-height-default elementor-invisible\" data-id=\"ac1c5d6\" data-element_type=\"section\" data-settings=\"{&quot;animation&quot;:&quot;fadeInUp&quot;}\">\n\t\t\t\t\t\t<div class=\"elementor-container elementor-column-gap-no\">\n\t\t\t\t\t<div class=\"elementor-column elementor-col-33 elementor-top-column elementor-element elementor-element-57372a9a\" data-id=\"57372a9a\" data-element_type=\"column\">\n\t\t\t<div class=\"elementor-widget-wrap elementor-element-populated\">\n\t\t\t\t\t\t\t\t<div class=\"elementor-element elementor-element-6c8ee28 elementor-align-center elementor-widget elementor-widget-etheme_icon_box\" data-id=\"6c8ee28\" data-element_type=\"widget\" data-widget_type=\"etheme_icon_box.default\">\n\t\t\t\t<div class=\"elementor-widget-container\">\n\t\t\t\t\t\t<div class=\"etheme-icon-box etheme-icon-box-icon-position-top\">\r\n        \r\n                            \r\n                <div class=\"etheme-icon-box-icon etheme-icon-box-icon-type-image\">\r\n        \r\n                <img width=\"76\" height=\"76\" src=\"https:\/\/demo.versify.digital\/wp-content\/uploads\/2022\/02\/Icon.jpeg\" class=\"attachment-full size-full wp-image-568\" alt=\"\" decoding=\"async\" loading=\"lazy\" \/>        \r\n                <\/div>\r\n            \r\n                <div class=\"etheme-icon-box-content\">\r\n\t\t\r\n                                        \r\n                    \t\t\r\n                                            <p class=\"etheme-icon-box-description\">\r\n                            Pateikite papildomos informacijos                        <\/p>\r\n                    \r\n                            <a href=\"#\" class=\"elementor-button-link elementor-button\" role=\"button\">\r\n                \r\n                    \r\n                <span class=\"button-text\">Su\u017einoti daugiau<\/span>\r\n                \r\n                            <span class=\"elementor-button-icon\">\r\n                <i aria-hidden=\"true\" class=\"et-icon et-right-arrow\"><\/i>            <\/span>\r\n\t\t    \r\n            <\/a>\r\n                    \r\n                <\/div>\r\n\t\t\t<\/div>\r\n\t\t\t\t<\/div>\n\t\t\t\t<\/div>\n\t\t\t\t\t<\/div>\n\t\t<\/div>\n\t\t\t\t<div class=\"elementor-column elementor-col-33 elementor-top-column elementor-element elementor-element-2231041f\" data-id=\"2231041f\" data-element_type=\"column\">\n\t\t\t<div class=\"elementor-widget-wrap elementor-element-populated\">\n\t\t\t\t\t\t\t\t<div class=\"elementor-element elementor-element-3992c9e elementor-align-center elementor-widget elementor-widget-etheme_icon_box\" data-id=\"3992c9e\" data-element_type=\"widget\" data-widget_type=\"etheme_icon_box.default\">\n\t\t\t\t<div class=\"elementor-widget-container\">\n\t\t\t\t\t\t<div class=\"etheme-icon-box etheme-icon-box-icon-position-top\">\r\n        \r\n                            \r\n                <div class=\"etheme-icon-box-icon etheme-icon-box-icon-type-image\">\r\n        \r\n                <img width=\"81\" height=\"81\" src=\"https:\/\/demo.versify.digital\/wp-content\/uploads\/2022\/02\/Icon1.jpeg\" class=\"attachment-full size-full wp-image-569\" alt=\"\" decoding=\"async\" loading=\"lazy\" \/>        \r\n                <\/div>\r\n            \r\n                <div class=\"etheme-icon-box-content\">\r\n\t\t\r\n                                        \r\n                    \t\t\r\n                                            <p class=\"etheme-icon-box-description\">\r\n                            Nukreipkite klientus \u012f puslap\u012f apie da\u017eniausiai u\u017eduodamus klausimus                        <\/p>\r\n                    \r\n                            <a href=\"#\" class=\"elementor-button-link elementor-button\" role=\"button\">\r\n                \r\n                    \r\n                <span class=\"button-text\">Skaityti \u012fra\u0161us<\/span>\r\n                \r\n                            <span class=\"elementor-button-icon\">\r\n                <i aria-hidden=\"true\" class=\"et-icon et-right-arrow\"><\/i>            <\/span>\r\n\t\t    \r\n            <\/a>\r\n                    \r\n                <\/div>\r\n\t\t\t<\/div>\r\n\t\t\t\t<\/div>\n\t\t\t\t<\/div>\n\t\t\t\t\t<\/div>\n\t\t<\/div>\n\t\t\t\t<div class=\"elementor-column elementor-col-33 elementor-top-column elementor-element elementor-element-4e1e61bc\" data-id=\"4e1e61bc\" data-element_type=\"column\">\n\t\t\t<div class=\"elementor-widget-wrap elementor-element-populated\">\n\t\t\t\t\t\t\t\t<div class=\"elementor-element elementor-element-683e2ac elementor-align-center elementor-widget elementor-widget-etheme_icon_box\" data-id=\"683e2ac\" data-element_type=\"widget\" data-widget_type=\"etheme_icon_box.default\">\n\t\t\t\t<div class=\"elementor-widget-container\">\n\t\t\t\t\t\t<div class=\"etheme-icon-box etheme-icon-box-icon-position-top\">\r\n        \r\n                            \r\n                <div class=\"etheme-icon-box-icon etheme-icon-box-icon-type-image\">\r\n        \r\n                <img width=\"71\" height=\"77\" src=\"https:\/\/demo.versify.digital\/wp-content\/uploads\/2022\/02\/Icon2.jpeg\" class=\"attachment-full size-full wp-image-570\" alt=\"\" decoding=\"async\" loading=\"lazy\" \/>        \r\n                <\/div>\r\n            \r\n                <div class=\"etheme-icon-box-content\">\r\n\t\t\r\n                                        \r\n                    \t\t\r\n                                            <p class=\"etheme-icon-box-description\">\r\n                            Ir \u017einoma informuokite kaip galima su Jumis susisiekti                        <\/p>\r\n                    \r\n                            <a href=\"#\" class=\"elementor-button-link elementor-button\" role=\"button\">\r\n                \r\n                    \r\n                <span class=\"button-text\">Susisiekti<\/span>\r\n                \r\n                            <span class=\"elementor-button-icon\">\r\n                <i aria-hidden=\"true\" class=\"et-icon et-right-arrow\"><\/i>            <\/span>\r\n\t\t    \r\n            <\/a>\r\n                    \r\n                <\/div>\r\n\t\t\t<\/div>\r\n\t\t\t\t<\/div>\n\t\t\t\t<\/div>\n\t\t\t\t\t<\/div>\n\t\t<\/div>\n\t\t\t\t\t\t\t<\/div>\n\t\t<\/section>\n\t\t\t\t\t\t\t<\/div>\n\t\t","protected":false},"excerpt":{"rendered":"<p>&#8230;<\/p>\n","protected":false},"author":1,"featured_media":0,"parent":0,"menu_order":0,"comment_status":"closed","ping_status":"closed","template":"","meta":[],"_links":{"self":[{"href":"https:\/\/demo.versify.digital\/index.php\/wp-json\/wp\/v2\/pages\/53"}],"collection":[{"href":"https:\/\/demo.versify.digital\/index.php\/wp-json\/wp\/v2\/pages"}],"about":[{"href":"https:\/\/demo.versify.digital\/index.php\/wp-json\/wp\/v2\/types\/page"}],"author":[{"embeddable":true,"href":"https:\/\/demo.versify.digital\/index.php\/wp-json\/wp\/v2\/users\/1"}],"replies":[{"embeddable":true,"href":"https:\/\/demo.versify.digital\/index.php\/wp-json\/wp\/v2\/comments?post=53"}],"version-history":[{"count":3,"href":"https:\/\/demo.versify.digital\/index.php\/wp-json\/wp\/v2\/pages\/53\/revisions"}],"predecessor-version":[{"id":1466,"href":"https:\/\/demo.versify.digital\/index.php\/wp-json\/wp\/v2\/pages\/53\/revisions\/1466"}],"wp:attachment":[{"href":"https:\/\/demo.versify.digital\/index.php\/wp-json\/wp\/v2\/media?parent=53"}],"curies":[{"name":"wp","href":"https:\/\/api.w.org\/{rel}","templated":true}]}}